{"id":287,"date":"2020-03-26T00:59:27","date_gmt":"2020-03-26T03:59:27","guid":{"rendered":"https:\/\/nmh.com.py\/?page_id=287"},"modified":"2020-04-21T22:20:45","modified_gmt":"2020-04-22T01:20:45","slug":"la-empresa","status":"publish","type":"page","link":"https:\/\/nmh.com.py\/?page_id=287","title":{"rendered":"LA EMPRESA"},"content":{"rendered":"\n<p><strong>NMH MEDIA BROADCAST SOLUTIONS<\/strong> cubre grandes eventos Nacionales e Internacionales con la calidad acorde al standard de los pa\u00edses m\u00e1s importantes de la regi\u00f3n.<\/p>\n\n\n\n<p><\/p>\n\n\n\n<p><br><br><\/p>\n\n\n\n<div class=\"wp-block-image\"><figure class=\"aligncenter size-large\"><img decoding=\"async\" loading=\"lazy\" width=\"1024\" height=\"681\" src=\"https:\/\/nmh.com.py\/wp-content\/uploads\/2020\/03\/DSC_7557-1024x681.jpg\" alt=\"\" class=\"wp-image-291\" srcset=\"https:\/\/nmh.com.py\/wp-content\/uploads\/2020\/03\/DSC_7557-1024x681.jpg 1024w, https:\/\/nmh.com.py\/wp-content\/uploads\/2020\/03\/DSC_7557-300x200.jpg 300w, https:\/\/nmh.com.py\/wp-content\/uploads\/2020\/03\/DSC_7557-768x511.jpg 768w, https:\/\/nmh.com.py\/wp-content\/uploads\/2020\/03\/DSC_7557-1536x1022.jpg 1536w, https:\/\/nmh.com.py\/wp-content\/uploads\/2020\/03\/DSC_7557-2048x1363.jpg 2048w\" sizes=\"(max-width: 1024px) 100vw, 1024px\" \/><\/figure><\/div>\n","protected":false},"excerpt":{"rendered":"<p>NMH MEDIA BROADCAST SOLUTIONS cubre grandes eventos Nacionales e Internacionales con la calidad acorde al standard de los pa\u00edses m\u00e1s importantes de la regi\u00f3n.<\/p>\n","protected":false},"author":1,"featured_media":0,"parent":0,"menu_order":0,"comment_status":"closed","ping_status":"closed","template":"","meta":[],"_links":{"self":[{"href":"https:\/\/nmh.com.py\/index.php?rest_route=\/wp\/v2\/pages\/287"}],"collection":[{"href":"https:\/\/nmh.com.py\/index.php?rest_route=\/wp\/v2\/pages"}],"about":[{"href":"https:\/\/nmh.com.py\/index.php?rest_route=\/wp\/v2\/types\/page"}],"author":[{"embeddable":true,"href":"https:\/\/nmh.com.py\/index.php?rest_route=\/wp\/v2\/users\/1"}],"replies":[{"embeddable":true,"href":"https:\/\/nmh.com.py\/index.php?rest_route=%2Fwp%2Fv2%2Fcomments&post=287"}],"version-history":[{"count":12,"href":"https:\/\/nmh.com.py\/index.php?rest_route=\/wp\/v2\/pages\/287\/revisions"}],"predecessor-version":[{"id":441,"href":"https:\/\/nmh.com.py\/index.php?rest_route=\/wp\/v2\/pages\/287\/revisions\/441"}],"wp:attachment":[{"href":"https:\/\/nmh.com.py\/index.php?rest_route=%2Fwp%2Fv2%2Fmedia&parent=287"}],"curies":[{"name":"wp","href":"https:\/\/api.w.org\/{rel}","templated":true}]}}